{"id":1593,"date":"2018-11-28T00:28:57","date_gmt":"2018-11-27T23:28:57","guid":{"rendered":"https:\/\/pa-formation-vip.fr\/?post_type=product&#038;p=1593"},"modified":"2019-01-05T13:46:08","modified_gmt":"2019-01-05T12:46:08","slug":"cours-lightroom-cc-adobe","status":"publish","type":"product","link":"https:\/\/pa-formation-vip.fr\/?product=cours-lightroom-cc-adobe","title":{"rendered":"Cours Lightroom CC &#8211; Adobe"},"content":{"rendered":"<div class=\"grid-row grid-padded-b3x \">\n<div class=\"grid-cols-10 grid-offset-3 \">\n<div class=\"text-6-block\"><img decoding=\"async\" class=\"aligncenter\" style=\"font-style: inherit; font-weight: inherit;\" title=\"Optimisation de Lightroom sur le web\" src=\"https:\/\/www.adobe.com\/content\/dam\/acom\/en\/products\/photoshop-lightroom-classic\/max2017\/images\/lr-new-540x400-d.jpg\" alt=\"Optimisation de Lightroom sur le web\" \/><\/div>\n<div class=\"grid-span-1of3 \">\n<div>\n<div class=\"text-6-block\" style=\"text-align: center;\"><span class=\"text-light\">Plus performant, Lightroom Classic CC vous permet d&rsquo;importer des photos, de g\u00e9n\u00e9rer des aper\u00e7us et de passer du module Biblioth\u00e8que au module D\u00e9veloppement en un temps record.<\/span><\/div>\n<div><\/div>\n<div><\/div>\n<\/div>\n<\/div>\n<div class=\"grid-span-1of3 \">\n<div><img decoding=\"async\" class=\"aligncenter\" title=\"D\u00e9formation des bords\" src=\"https:\/\/www.adobe.com\/content\/dam\/acom\/en\/products\/photoshop-lightroom-classic\/max2018\/lr-new-500x400-a.jpg\" alt=\"D\u00e9formation des bords\" \/><\/div>\n<div>\n<div class=\"text-6-block\" style=\"text-align: center;\"><span class=\"text-light\">Tirez parti des outils de masque de gamme pour s\u00e9lectionner ais\u00e9ment les zones ou objets \u00e0 modifier en fonction de leur couleur, luminance ou profondeur.<\/span><\/div>\n<div><\/div>\n<div><\/div>\n<\/div>\n<\/div>\n<div class=\"grid-span-1of3 \">\n<div><img decoding=\"async\" class=\"aligncenter\" title=\"HDR Fusion\" src=\"https:\/\/www.adobe.com\/content\/dam\/acom\/en\/products\/photoshop-lightroom-classic\/max2018\/lr-new-500x400-b.jpg\" alt=\"HDR Fusion\" \/><\/div>\n<div>\n<div class=\"text-6-block\" style=\"text-align: center;\"><span class=\"text-light\">Cr\u00e9ez des panoramiques HDR plus rapidement, gr\u00e2ce \u00e0 la possibilit\u00e9 de fusionner plusieurs prises de vue en photos HDR, puis de les transformer en panorama en une seule op\u00e9ration.<\/span><\/div>\n<\/div>\n<div><\/div>\n<\/div>\n<h2><\/h2>\n<h2 style=\"text-align: center;\"><strong>D\u00e9couvrez tout ce que vous pouvez faire avec vos photos, \u00e0 votre bureau ou en d\u00e9placement.<\/strong><\/h2>\n<p style=\"text-align: center;\"><span class=\"text-light\">Cr\u00e9ez d&rsquo;incroyables photos en tout lieu avec Lightroom CC et 1\u00a0To d&rsquo;espace de stockage en mode cloud. Acc\u00e9dez \u00e0 des fonctionnalit\u00e9s de retouche photo tr\u00e8s performantes dans une interface conviviale. Ajustez vos prises de vue haute r\u00e9solution, puis sauvegardez vos originaux et retouches dans le cloud. Classez vos photos avec des mots cl\u00e9s indexables, qui sont appliqu\u00e9s automatiquement sans qu&rsquo;un balisage soit n\u00e9cessaire. Enfin, partagez facilement vos photos et pr\u00e9sentez-les de fa\u00e7on ludique.<\/span><\/p>\n<p>&nbsp;<\/p>\n<figure class=\"custom-column-collapse-img-wr\"><img decoding=\"async\" class=\"aligncenter\" src=\"https:\/\/www.adobe.com\/content\/dam\/acom\/en\/products\/lightroom\/max2018\/lrcc-riverflow-1-720x520.png\/_jcr_content\/renditions\/cq5dam.mobile_640.640.350.png\" alt=\"Retouches en tout lieu.\" \/><\/figure>\n<h2 style=\"text-align: center;\">Retouches en tout lieu.<\/h2>\n<p style=\"text-align: center;\">Avec ses outils de retouche conviviaux sous forme de curseurs et de filtres, Lightroom\u00a0CC vous permet d&rsquo;obtenir facilement les photos de vos r\u00eaves. De plus, vous pouvez retoucher vos photos haute r\u00e9solution sur les appareils mobiles, le web ou votre poste de travail. Les retouches effectu\u00e9es sur un appareil mobile sont automatiquement r\u00e9percut\u00e9es partout.<\/p>\n<p>&nbsp;<\/p>\n<p>&nbsp;<\/p>\n<\/div>\n<div class=\"grid-cols-10 grid-offset-3 \">\n<p style=\"text-align: center;\"><img decoding=\"async\" src=\"https:\/\/www.adobe.com\/content\/dam\/acom\/en\/products\/lightroom\/max2018\/lrcc-riverflow-2-720x520.jpg\" alt=\"B\u00c3\u00a9n\u00c3\u00a9ficiez d'un classement plus efficace.\" \/><\/p>\n<\/div>\n<\/div>\n<div class=\"grid-cols-10 grid-offset-3 \">\n<p style=\"text-align: center;\"><span style=\"font-size: 1.7em; font-weight: bold;\">Un classement plus intelligent.<\/span><\/p>\n<\/div>\n<div class=\"grid-cols-10 grid-offset-3 \">\n<p style=\"text-align: center;\">Adobe Sensei tire parti de l&rsquo;apprentissage automatique pour identifier les personnes et autres contenus sur vos photos, puis applique automatiquement des mots-cl\u00e9s indexables. Vous recherchez des photos de votre cousin ou des clich\u00e9s de vos vacances \u00e0 la mer\u00a0? La fonction d&rsquo;auto-balisage vous permet de retrouver facilement les photos avec lesquelles vous pourrez cr\u00e9er des albums sur le th\u00e8me de votre choix, une personne par exemple.<\/p>\n<p style=\"text-align: center;\">\n<\/div>\n<p>&nbsp;<\/p>\n<div class=\"grid-row grid-padded-b3x \">\n<div class=\"grid-cols-10 grid-offset-3 \">\n<div>\n<section class=\"grid-container custom-column-collapse custom-column-collapse-theme\">\n<div class=\"grid-row\">\n<div class=\"grid-cols-16 grid-padded-bx\">\n<figure class=\"custom-column-collapse-img-wr\"><img decoding=\"async\" class=\"aligncenter\" src=\"https:\/\/www.adobe.com\/content\/dam\/acom\/en\/products\/lightroom\/max2017\/images\/lrcc-riverflow-3-720x520.jpg\" alt=\"Un stockage en toute s\u00e9r\u00e9nit\u00e9.\" \/><\/figure>\n<h2 style=\"text-align: center;\"><\/h2>\n<h2 style=\"text-align: center;\">Le stockage sans soucis.<\/h2>\n<p style=\"text-align: center;\">Avec 1\u00a0To d&rsquo;espace de stockage en mode cloud ou plus (en option), Lightroom CC vous permet d&rsquo;acc\u00e9der \u00e0 tout moment, en tout lieu et depuis n&rsquo;importe quel appareil \u00e0 votre biblioth\u00e8que compl\u00e8te de photos haute r\u00e9solution.<\/p>\n<\/div>\n<\/div>\n<\/section>\n<\/div>\n<div>\n<section class=\"grid-container custom-column-collapse custom-column-collapse-theme\">\n<div class=\"grid-row\">\n<div class=\"grid-cols-16 grid-padded-bx\">\n<p><img decoding=\"async\" class=\"aligncenter\" src=\"https:\/\/www.adobe.com\/content\/dam\/acom\/en\/products\/lightroom\/max2017\/images\/lrcc-riverflow-4-720x520.jpg\" alt=\"Partagez facilement ce que vous faites.\" \/><\/p>\n<p style=\"text-align: center;\"><span style=\"font-size: 1.7em; font-weight: bold;\">Partage ais\u00e9.<\/span><\/p>\n<div>\n<section class=\"grid-container custom-column-collapse custom-column-collapse-theme\">\n<div class=\"grid-row\">\n<div class=\"grid-cols-16 grid-padded-bx\">\n<p style=\"text-align: center;\">Partagez vos photos avec vos proches, vos clients ou un public plus large. Publiez directement vos photos sur les r\u00e9seaux sociaux. Exposez-les sur votre site web en les envoyant directement vers Adobe Portfolio depuis Lightroom sur le poste de travail. Cr\u00e9ez des illustrations, pages web et r\u00e9cits vid\u00e9o captivants en quelques minutes avec Adobe Spark. Le tout inclus dans votre abonnement.<\/p>\n<\/div>\n<\/div>\n<\/section>\n<\/div>\n<\/div>\n<\/div>\n<\/section>\n<\/div>\n<\/div>\n<\/div>\n","protected":false},"excerpt":{"rendered":"<p>Votre Formation Lightroom de prise en main, de perfectionnement ou experte \u00e0 partir de 2h<\/p>\n<h3>Sublimez vos meilleures photos.<\/h3>\n<div class=\"text-6-block\">Vos photos ne sont pas toujours fid\u00e8les \u00e0 la r\u00e9alit\u00e9. Mais avec Lightroom Classic CC, vous disposez de tous les outils de retouche pour postes de travail dont vous avez besoin pour r\u00e9v\u00e9ler le meilleur de vos images. Donnez plus d&rsquo;intensit\u00e9 aux couleurs, dynamisez les photos ternes, supprimez les \u00e9l\u00e9ments ind\u00e9sirables et redressez les images inclin\u00e9es. De plus, la derni\u00e8re version offre des gains de performances pour que vous puissiez travailler plus rapidement.<\/div>\n","protected":false},"featured_media":1636,"template":"","meta":[],"product_cat":[72,89],"product_tag":[],"aioseo_notices":[],"class_list":{"0":"post-1593","1":"product","2":"type-product","3":"status-publish","4":"has-post-thumbnail","6":"product_cat-photo","7":"product_cat-logiciels-photo-pro","8":"product_shipping_class-deplacement","10":"first","11":"instock","12":"purchasable","13":"product-type-variable"},"_links":{"self":[{"href":"https:\/\/pa-formation-vip.fr\/index.php?rest_route=\/wp\/v2\/product\/1593","targetHints":{"allow":["GET"]}}],"collection":[{"href":"https:\/\/pa-formation-vip.fr\/index.php?rest_route=\/wp\/v2\/product"}],"about":[{"href":"https:\/\/pa-formation-vip.fr\/index.php?rest_route=\/wp\/v2\/types\/product"}],"version-history":[{"count":5,"href":"https:\/\/pa-formation-vip.fr\/index.php?rest_route=\/wp\/v2\/product\/1593\/revisions"}],"predecessor-version":[{"id":2391,"href":"https:\/\/pa-formation-vip.fr\/index.php?rest_route=\/wp\/v2\/product\/1593\/revisions\/2391"}],"wp:featuredmedia":[{"embeddable":true,"href":"https:\/\/pa-formation-vip.fr\/index.php?rest_route=\/wp\/v2\/media\/1636"}],"wp:attachment":[{"href":"https:\/\/pa-formation-vip.fr\/index.php?rest_route=%2Fwp%2Fv2%2Fmedia&parent=1593"}],"wp:term":[{"taxonomy":"product_cat","embeddable":true,"href":"https:\/\/pa-formation-vip.fr\/index.php?rest_route=%2Fwp%2Fv2%2Fproduct_cat&post=1593"},{"taxonomy":"product_tag","embeddable":true,"href":"https:\/\/pa-formation-vip.fr\/index.php?rest_route=%2Fwp%2Fv2%2Fproduct_tag&post=1593"}],"curies":[{"name":"wp","href":"https:\/\/api.w.org\/{rel}","templated":true}]}}