{"id":1775,"date":"2018-11-28T12:16:12","date_gmt":"2018-11-28T11:16:12","guid":{"rendered":"https:\/\/pa-formation-vip.fr\/?post_type=product&#038;p=1775"},"modified":"2019-12-20T12:13:45","modified_gmt":"2019-12-20T11:13:45","slug":"cours-premiere-cc-adobe","status":"publish","type":"product","link":"https:\/\/pa-formation-vip.fr\/?product=cours-premiere-cc-adobe","title":{"rendered":"Cours Premi\u00e8re Pro CC &#8211; Adobe"},"content":{"rendered":"<div class=\"grid-row grid-padded-b3x \">\n<div class=\"grid-cols-10 grid-offset-3 \">\n<div>\n<h2 style=\"text-align: center;\"><strong>Des outils intelligents pour des r\u00e9cits plus marquants.<\/strong><\/h2>\n<p style=\"text-align: center;\">Premiere Pro est utilis\u00e9 par des r\u00e9alisateurs hollywoodiens, des monteurs TV, des YouTubeurs, des vid\u00e9astes, \u2026 bref, toute personne qui a une histoire \u00e0 raconter, comme vous.<\/p>\n<p style=\"text-align: center;\"><img decoding=\"async\" style=\"font-style: inherit; font-weight: inherit;\" src=\"https:\/\/www.adobe.com\/content\/dam\/acom\/en\/products\/premiere\/max2018\/pr-riverflow-1-720x520.jpg\/_jcr_content\/renditions\/cq5dam.mobile_640.640.462.jpg\" alt=\"Laissez libre cours \u00e0 votre cr\u00e9ativit\u00e9.\" \/><\/p>\n<\/div>\n<\/div>\n<\/div>\n<div class=\"grid-row \">\n<div class=\"grid-cols-16 \">\n<section class=\"grid-container custom-column-collapse custom-column-collapse-theme\">\n<div class=\"grid-row\">\n<div class=\"grid-cols-16 grid-padded-bx\">\n<div class=\"custom-column-collapse-actions\">\n<h3 style=\"text-align: center;\">Laissez libre cours \u00e0 votre cr\u00e9ativit\u00e9.<\/h3>\n<div class=\"text-6-block\" style=\"text-align: center;\">Premiere Pro est la r\u00e9f\u00e9rence du secteur en mati\u00e8re de montage de contenus audiovisuels, des s\u00e9ries t\u00e9l\u00e9vis\u00e9es \u00e0 boucler dans des d\u00e9lais serr\u00e9s aux longs m\u00e9trages. Peaufinez votre travail sans jamais quitter la fen\u00eatre de montage gr\u00e2ce \u00e0 des workflows int\u00e9gr\u00e9s et efficaces. Les outils automatis\u00e9s reposant sur Adobe Sensei acc\u00e9l\u00e8rent les t\u00e2ches les plus fastidieuses pour vous aider \u00e0 rester concentr\u00e9 sur votre r\u00e9cit.<\/div>\n<div style=\"text-align: center;\"><\/div>\n<div class=\"text-6-block\" style=\"text-align: center;\"><span style=\"font-size: 1.7em; font-weight: bold;\">N&rsquo;importe quelle cam\u00e9ra. N&rsquo;importe quel format. N&rsquo;importe quelle plate-forme.<\/span><\/div>\n<div>\n<div style=\"text-align: center;\">\n<section class=\"grid-container custom-column-collapse custom-column-collapse-theme\">\n<div class=\"grid-row\">\n<div class=\"grid-cols-16 grid-padded-bx\">\n<p>Montez vos m\u00e9trages dans tous les formats modernes, du 8K \u00e0 la r\u00e9alit\u00e9 virtuelle. La prise en charge native de nombreux formats et les workflows de proxy simples facilitent la manipulation des m\u00e9dias, m\u00eame sur les stations de travail mobiles. Diffusez du contenu optimis\u00e9 pour tous les \u00e9crans et plates-formes en un temps record.<\/p>\n<p><img decoding=\"async\" style=\"font-style: inherit; font-weight: inherit;\" src=\"https:\/\/www.adobe.com\/content\/dam\/acom\/en\/products\/premiere\/max2018\/pr-riverflow-2-720x520.jpg\/_jcr_content\/renditions\/cq5dam.mobile_640.640.462.jpg\" alt=\"N'importe quelle cam\u00e9ra. N'importe quel format. N'importe quelle plate-forme.\" \/><\/p>\n<p><img decoding=\"async\" style=\"font-style: inherit; font-weight: inherit;\" src=\"https:\/\/www.adobe.com\/content\/dam\/acom\/en\/products\/premiere\/max2018\/pr-riverflow-3-720x520.jpg\" alt=\"Tout ce dont vous avez besoin. L\u00e0 o\u00f9 vous en avez besoin.\" \/><\/p>\n<p><span style=\"font-size: 1.7em; font-weight: bold;\">Tout ce dont vous avez besoin. L\u00e0 o\u00f9 vous en avez besoin.<\/span><\/p>\n<\/div>\n<\/div>\n<\/section>\n<\/div>\n<div>\n<section class=\"grid-container custom-column-collapse custom-column-collapse-theme\">\n<div class=\"grid-row\">\n<div class=\"grid-cols-16 grid-padded-bx\">\n<div style=\"text-align: center;\">\n<section class=\"grid-container custom-column-collapse custom-column-collapse-theme\">\n<div class=\"grid-row\">\n<div class=\"grid-cols-16 grid-padded-bx\">\n<p>Outre des outils d\u00e9di\u00e9s \u00e0 la couleur, au contenu audio et aux images, Premiere Pro est \u00e9troitement int\u00e9gr\u00e9 avec d&rsquo;autres applications et services, notamment After Effects, Audition et Adobe Stock. Ouvrez un mod\u00e8le d&rsquo;animation graphique d&rsquo;After Effects ou t\u00e9l\u00e9chargez-en un sur Adobe Stock, puis personnalisez-le directement dans l&rsquo;application. Premiere Pro s&rsquo;int\u00e8gre \u00e9galement avec des centaines de technologies partenaires.<\/p>\n<div class=\"custom-column-collapse-actions\">\n<div class=\"text-6-block\"><span style=\"font-size: 1.7em; font-weight: bold;\">D\u00e9couvrez Adobe Premiere Rush\u00a0CC. Cr\u00e9ez et montez en tout lieu.<\/span><\/div>\n<\/div>\n<\/div>\n<\/div>\n<\/section>\n<\/div>\n<div>\n<section class=\"grid-container custom-column-collapse custom-column-collapse-theme\">\n<div class=\"grid-row\">\n<div class=\"grid-cols-16 grid-padded-bx\">\n<p style=\"text-align: center;\">D\u00e9sormais, Premiere Pro est fourni avec le tout nouveau Premiere Rush\u00a0CC, une application tout-en-un qui fonctionne sur tous les appareils. Filmez sur votre t\u00e9l\u00e9phone, puis montez et partagez le r\u00e9sultat sur les r\u00e9seaux sociaux via votre smartphone, tablette ou poste de travail. Vous pouvez aussi ouvrir vos fichiers Rush dans Premiere Pro pour aller plus loin.<\/p>\n<div class=\"custom-column-collapse-actions\" style=\"text-align: center;\">\n<p><img decoding=\"async\" style=\"font-style: inherit; font-weight: inherit;\" src=\"https:\/\/www.adobe.com\/content\/dam\/acom\/en\/products\/premiere\/max2018\/pr-riverflow-4-720x520.png\/_jcr_content\/renditions\/cq5dam.mobile_640.640.462.png\" alt=\"D\u00e9couvrez Adobe Premiere Rush\u00a0CC. Cr\u00e9ez et montez en tout lieu.\" \/><\/p>\n<\/div>\n<section class=\"grid-container \">\n<div class=\"grid-row grid-padded-b9x \">\n<div class=\"grid-cols-10 grid-offset-3 \">\n<div class=\"grid-row grid-padded-b9x \" style=\"text-align: center;\">\n<div class=\"grid-cols-4 grid-offset-1 \">\n<div><img decoding=\"async\" title=\"\u00c9talonnage des couleurs simple et pr\u00e9cis\" src=\"https:\/\/www.adobe.com\/content\/dam\/acom\/en\/products\/premiere\/max2018\/pr-swncd-featurethumb-1-416x207.png\" alt=\"\u00c9talonnage des couleurs simple et pr\u00e9cis\" data-image-alignment=\"center\" \/><\/div>\n<div>\n<p><strong style=\"font-size: 16px;\">\u00c9talonnage des couleurs simple et pr\u00e9cis<\/strong><\/p>\n<\/div>\n<div>\n<div class=\"text-6-block\"><span class=\"text-light\">Ajustez pr\u00e9cis\u00e9ment les courbes gr\u00e2ce aux innovations des outils Couleur Lumetri. Chaque courbe pr\u00e9sentant deux axes \u00e0 valeurs associ\u00e9es, l&rsquo;\u00e9talonnage s\u00e9lectif des couleurs s&rsquo;av\u00e8re simple et pr\u00e9cis.<\/span><\/div>\n<div><\/div>\n<\/div>\n<\/div>\n<div class=\"grid-cols-4 grid-offset-1 \">\n<div><img decoding=\"async\" title=\"Am\u00e9lioration instantan\u00e9e du contenu audio\" src=\"https:\/\/www.adobe.com\/content\/dam\/acom\/en\/products\/premiere\/max2018\/pr-swncd-featurethumb-2-416x207.png\" alt=\"Am\u00e9lioration instantan\u00e9e du contenu audio\" data-image-alignment=\"center\" \/><\/div>\n<div>\n<p><strong style=\"font-size: 16px;\">Am\u00e9lioration instantan\u00e9e du contenu audio<\/strong><\/p>\n<\/div>\n<div>\n<div class=\"text-6-block\"><span class=\"text-light\">Les nouveaux curseurs du panneau Audio essentiel vous permettent d&rsquo;att\u00e9nuer ou d&rsquo;\u00e9liminer le bruit de fond et la r\u00e9verb\u00e9ration, pour un r\u00e9sultat spectaculaire.<\/span><\/div>\n<div><\/div>\n<\/div>\n<\/div>\n<\/div>\n<div class=\"grid-row \">\n<div class=\"grid-cols-4 grid-offset-1 \" style=\"text-align: center;\">\n<div><img decoding=\"async\" title=\"Infographies cr\u00e9\u00e9es avec des mod\u00e8les d\u2019animations graphiques\" src=\"https:\/\/www.adobe.com\/content\/dam\/acom\/en\/products\/premiere\/max2018\/pr-swncd-featurethumb-3-416x207.gif\" alt=\"Infographies cr\u00e9\u00e9es avec des mod\u00e8les d\u2019animations graphiques\" data-image-alignment=\"center\" \/><\/div>\n<div>\n<p><strong style=\"font-size: 16px;\">Infographies cr\u00e9\u00e9es avec des mod\u00e8les d\u2019animations graphiques<\/strong><\/p>\n<\/div>\n<div>\n<div class=\"text-6-block\"><span class=\"text-light\">Ins\u00e9rez par glisser-d\u00e9poser des feuilles de calcul dans les nouveaux mod\u00e8les d&rsquo;animations graphiques pour repr\u00e9senter visuellement des infographies. Les modifications apport\u00e9es aux feuilles de calcul sont automatiquement r\u00e9percut\u00e9es dans les infographies.<\/span><\/div>\n<div class=\"text-6-block\"><\/div>\n<\/div>\n<\/div>\n<div class=\"grid-cols-4 grid-offset-1 \">\n<div style=\"text-align: center;\"><img decoding=\"async\" title=\"Prise en charge int\u00e9grale de la r\u00e9alit\u00e9 virtuelle \u00e0 180 degr\u00e9s\" src=\"https:\/\/www.adobe.com\/content\/dam\/acom\/en\/products\/premiere\/max2018\/pr-swncd-featurethumb-4-416x207.png\" alt=\"Prise en charge int\u00e9grale de la r\u00e9alit\u00e9 virtuelle \u00e0 180 degr\u00e9s\" data-image-alignment=\"center\" \/><\/div>\n<div style=\"text-align: center;\">\n<p><strong style=\"font-size: 16px;\">Prise en charge int\u00e9grale de la r\u00e9alit\u00e9 virtuelle \u00e0 180 degr\u00e9s<\/strong><\/p>\n<\/div>\n<div>\n<div class=\"text-6-block\" style=\"text-align: center;\"><span class=\"text-light\">Lancez-vous dans la vid\u00e9o immersive gr\u00e2ce \u00e0 la prise en charge de la r\u00e9alit\u00e9 virtuelle \u00e0 180 degr\u00e9s, notamment l\u2019assimilation et les effets optimis\u00e9s. Publiez vos vid\u00e9os au format Google VR180 sur YouTube et d\u2019autres plates-formes.<\/span><\/div>\n<\/div>\n<\/div>\n<\/div>\n<\/div>\n<\/div>\n<\/section>\n<\/div>\n<\/div>\n<\/section>\n<\/div>\n<\/div>\n<\/div>\n<\/section>\n<\/div>\n<\/div>\n<\/div>\n<\/div>\n<\/div>\n<\/section>\n<\/div>\n<\/div>\n","protected":false},"excerpt":{"rendered":"<p>Votre Formation en montage vid\u00e9o \u00e0 partir de 2h, \u00e0 domicile ou \u00e0 distance<\/p>\n<div class=\"col-xs-12\"><\/div>\n<div class=\"col-sm-6 col-sm-push-6 col-md-8 col-md-push-4\">\n<h3 class=\"hero2-featuredVideo-title\">Le montage vid\u00e9o avec une longueur d\u2019avance.<\/h3>\n<p class=\"hero2-featuredVideo-subtitle\">Premiere Pro CC est le logiciel de montage vid\u00e9o de r\u00e9f\u00e9rence pour le cin\u00e9ma, la t\u00e9l\u00e9vision et le web. Ses outils de cr\u00e9ation, son int\u00e9gration avec les autres applications et services Adobe\u00a0ainsi que son exploitation d&rsquo;Adobe Sensei vous aident \u00e0 transformer vos m\u00e9trages en films et vid\u00e9os impeccables avec un workflow parfaitement fluide.<\/p>\n<\/div>\n","protected":false},"featured_media":6689,"template":"","meta":[],"product_cat":[97],"product_tag":[],"aioseo_notices":[],"class_list":{"0":"post-1775","1":"product","2":"type-product","3":"status-publish","4":"has-post-thumbnail","6":"product_cat-logiciels-video","7":"product_shipping_class-deplacement","9":"first","10":"instock","11":"purchasable","12":"product-type-variable"},"_links":{"self":[{"href":"https:\/\/pa-formation-vip.fr\/index.php?rest_route=\/wp\/v2\/product\/1775","targetHints":{"allow":["GET"]}}],"collection":[{"href":"https:\/\/pa-formation-vip.fr\/index.php?rest_route=\/wp\/v2\/product"}],"about":[{"href":"https:\/\/pa-formation-vip.fr\/index.php?rest_route=\/wp\/v2\/types\/product"}],"version-history":[{"count":6,"href":"https:\/\/pa-formation-vip.fr\/index.php?rest_route=\/wp\/v2\/product\/1775\/revisions"}],"predecessor-version":[{"id":6807,"href":"https:\/\/pa-formation-vip.fr\/index.php?rest_route=\/wp\/v2\/product\/1775\/revisions\/6807"}],"wp:featuredmedia":[{"embeddable":true,"href":"https:\/\/pa-formation-vip.fr\/index.php?rest_route=\/wp\/v2\/media\/6689"}],"wp:attachment":[{"href":"https:\/\/pa-formation-vip.fr\/index.php?rest_route=%2Fwp%2Fv2%2Fmedia&parent=1775"}],"wp:term":[{"taxonomy":"product_cat","embeddable":true,"href":"https:\/\/pa-formation-vip.fr\/index.php?rest_route=%2Fwp%2Fv2%2Fproduct_cat&post=1775"},{"taxonomy":"product_tag","embeddable":true,"href":"https:\/\/pa-formation-vip.fr\/index.php?rest_route=%2Fwp%2Fv2%2Fproduct_tag&post=1775"}],"curies":[{"name":"wp","href":"https:\/\/api.w.org\/{rel}","templated":true}]}}