{"id":2467,"date":"2019-01-07T08:48:10","date_gmt":"2019-01-07T07:48:10","guid":{"rendered":"https:\/\/pa-formation-vip.fr\/?post_type=product&#038;p=2467"},"modified":"2019-01-29T18:02:04","modified_gmt":"2019-01-29T17:02:04","slug":"cours-realiser-une-interview-video","status":"publish","type":"product","link":"https:\/\/pa-formation-vip.fr\/?product=cours-realiser-une-interview-video","title":{"rendered":"Cours \u00ab\u00a0R\u00e9aliser une interview vid\u00e9o\u00a0\u00bb"},"content":{"rendered":"<p><strong><u>Objectif<\/u><\/strong><\/p>\n<p>Ma\u00eetriser le processus de cr\u00e9ation &amp; r\u00e9alisation d\u2019une interview vid\u00e9o<\/p>\n<p><strong>Acquis de la formation<\/strong><\/p>\n<ul>\n<li>Savoir pr\u00e9parer le contenu \u00e9ditorial<\/li>\n<li>\u00catre pr\u00e9par\u00e9 \u00e0 ma\u00eetriser la relation avec l\u2019invit\u00e9<\/li>\n<li>D\u00e9terminer l\u2019\u00e9quipement technique n\u00e9cessaire au tournage<\/li>\n<li>Dominer les rapports avec l\u2019invit\u00e9 &amp; les contraintes techniques pendant l\u2019enregistrement<\/li>\n<li>Monter son interview dans un format professionnel<\/li>\n<\/ul>\n","protected":false},"excerpt":{"rendered":"<h3>La r\u00e9alisation d\u2019une interview n\u00e9cessite de multiples comp\u00e9tences, et pas uniquement en technique audiovisuelle.<\/h3>\n<p>De la conception du contenu \u00e9ditorial \u00e0 la r\u00e9alisation finale vous d\u00e9couvrirez combien le processus utilis\u00e9 dans le journalisme &amp; en TV est primordial pour obtenir le meilleur de votre futur invit\u00e9 !<\/p>\n","protected":false},"featured_media":2698,"template":"","meta":[],"product_cat":[107],"product_tag":[],"aioseo_notices":[],"class_list":{"0":"post-2467","1":"product","2":"type-product","3":"status-publish","4":"has-post-thumbnail","6":"product_cat-prise-de-vue-video","7":"product_shipping_class-deplacement","9":"first","10":"instock","11":"purchasable","12":"product-type-variable"},"_links":{"self":[{"href":"https:\/\/pa-formation-vip.fr\/index.php?rest_route=\/wp\/v2\/product\/2467","targetHints":{"allow":["GET"]}}],"collection":[{"href":"https:\/\/pa-formation-vip.fr\/index.php?rest_route=\/wp\/v2\/product"}],"about":[{"href":"https:\/\/pa-formation-vip.fr\/index.php?rest_route=\/wp\/v2\/types\/product"}],"version-history":[{"count":5,"href":"https:\/\/pa-formation-vip.fr\/index.php?rest_route=\/wp\/v2\/product\/2467\/revisions"}],"predecessor-version":[{"id":2549,"href":"https:\/\/pa-formation-vip.fr\/index.php?rest_route=\/wp\/v2\/product\/2467\/revisions\/2549"}],"wp:featuredmedia":[{"embeddable":true,"href":"https:\/\/pa-formation-vip.fr\/index.php?rest_route=\/wp\/v2\/media\/2698"}],"wp:attachment":[{"href":"https:\/\/pa-formation-vip.fr\/index.php?rest_route=%2Fwp%2Fv2%2Fmedia&parent=2467"}],"wp:term":[{"taxonomy":"product_cat","embeddable":true,"href":"https:\/\/pa-formation-vip.fr\/index.php?rest_route=%2Fwp%2Fv2%2Fproduct_cat&post=2467"},{"taxonomy":"product_tag","embeddable":true,"href":"https:\/\/pa-formation-vip.fr\/index.php?rest_route=%2Fwp%2Fv2%2Fproduct_tag&post=2467"}],"curies":[{"name":"wp","href":"https:\/\/api.w.org\/{rel}","templated":true}]}}