{"id":2552,"date":"2019-01-16T12:14:58","date_gmt":"2019-01-16T11:14:58","guid":{"rendered":"https:\/\/pa-formation-vip.fr\/?post_type=product&#038;p=2552"},"modified":"2019-01-29T18:08:00","modified_gmt":"2019-01-29T17:08:00","slug":"cours-le-live-streaming-sur-facebook-youtube","status":"publish","type":"product","link":"https:\/\/pa-formation-vip.fr\/?product=cours-le-live-streaming-sur-facebook-youtube","title":{"rendered":"Cours \u00ab\u00a0le live streaming sur Facebook &#038; YouTube\u00a0\u00bb"},"content":{"rendered":"<div class=\"ast-oembed-container\"><iframe title=\"Pr\u00e9sentation du Module Live Streaming youtube\/facebook\" width=\"500\" height=\"281\" src=\"https:\/\/www.youtube.com\/embed\/me9PCHanSVQ?feature=oembed\" frameborder=\"0\" allow=\"accelerometer; autoplay; clipboard-write; encrypted-media; gyroscope; picture-in-picture; web-share\" referrerpolicy=\"strict-origin-when-cross-origin\" allowfullscreen><\/iframe><\/div>\n<p><strong><u>Objectif<\/u><\/strong><\/p>\n<p>Ma\u00eetriser le contenu et la r\u00e9alisation technique du Live Streaming sur les r\u00e9seaux sociaux<\/p>\n<p><strong>Acquis de la formation<\/strong><\/p>\n<ul>\n<li>Savoir pr\u00e9parer le contenu \u00e9ditorial &amp; la forme de son Live<\/li>\n<li>Choisir le mat\u00e9riel, le d\u00e9cor &amp; le style visuel<\/li>\n<li>Comprendre les r\u00e9glages de l\u2019\u00e9quipement vid\u00e9o, \u00e9clairage &amp; audio<\/li>\n<li>Dominer le logiciel de streaming &amp; les param\u00e8tres techniques pour Facebook &amp; YouTube<\/li>\n<\/ul>\n","protected":false},"excerpt":{"rendered":"<h3>Le Live Streaming est devenu incontournable pour communiquer sur les r\u00e9seaux sociaux.<\/h3>\n<p>Vous apprendrez toutes les \u00e9tapes, de la pr\u00e9paration du contenu \u00e0 la r\u00e9alisation technique, qui vous permettront de diffuser un programme de qualit\u00e9 qui fera grimper votre audience !<\/p>\n","protected":false},"featured_media":2700,"template":"","meta":[],"product_cat":[107],"product_tag":[],"aioseo_notices":[],"class_list":{"0":"post-2552","1":"product","2":"type-product","3":"status-publish","4":"has-post-thumbnail","6":"product_cat-prise-de-vue-video","7":"product_shipping_class-deplacement","9":"first","10":"instock","11":"purchasable","12":"product-type-variable"},"_links":{"self":[{"href":"https:\/\/pa-formation-vip.fr\/index.php?rest_route=\/wp\/v2\/product\/2552","targetHints":{"allow":["GET"]}}],"collection":[{"href":"https:\/\/pa-formation-vip.fr\/index.php?rest_route=\/wp\/v2\/product"}],"about":[{"href":"https:\/\/pa-formation-vip.fr\/index.php?rest_route=\/wp\/v2\/types\/product"}],"version-history":[{"count":3,"href":"https:\/\/pa-formation-vip.fr\/index.php?rest_route=\/wp\/v2\/product\/2552\/revisions"}],"predecessor-version":[{"id":2599,"href":"https:\/\/pa-formation-vip.fr\/index.php?rest_route=\/wp\/v2\/product\/2552\/revisions\/2599"}],"wp:featuredmedia":[{"embeddable":true,"href":"https:\/\/pa-formation-vip.fr\/index.php?rest_route=\/wp\/v2\/media\/2700"}],"wp:attachment":[{"href":"https:\/\/pa-formation-vip.fr\/index.php?rest_route=%2Fwp%2Fv2%2Fmedia&parent=2552"}],"wp:term":[{"taxonomy":"product_cat","embeddable":true,"href":"https:\/\/pa-formation-vip.fr\/index.php?rest_route=%2Fwp%2Fv2%2Fproduct_cat&post=2552"},{"taxonomy":"product_tag","embeddable":true,"href":"https:\/\/pa-formation-vip.fr\/index.php?rest_route=%2Fwp%2Fv2%2Fproduct_tag&post=2552"}],"curies":[{"name":"wp","href":"https:\/\/api.w.org\/{rel}","templated":true}]}}