{"id":2668,"date":"2019-01-28T17:42:23","date_gmt":"2019-01-28T16:42:23","guid":{"rendered":"https:\/\/pa-formation-vip.fr\/?post_type=product&#038;p=2668"},"modified":"2019-05-22T21:29:42","modified_gmt":"2019-05-22T19:29:42","slug":"maitriser-votre-sony-a7-iii","status":"publish","type":"product","link":"https:\/\/pa-formation-vip.fr\/?product=maitriser-votre-sony-a7-iii","title":{"rendered":"Cours : Ma\u00eetriser votre Sony Alpha"},"content":{"rendered":"<div>Exploitez pleinement le potentiel de votre\u00a0<span id=\"m_3475439930880277097:s7.5\">Sony<\/span>\u00a0Alpha en photo comme en vid\u00e9o gr\u00e2ce \u00e0 cette formation adapt\u00e9e \u00e0 votre usage.<\/div>\n<div>Les bo\u00eetiers\u00a0<span id=\"m_3475439930880277097:s7.8\">Sony<\/span>\u00a0offrent des possibilit\u00e9s de r\u00e9glages et de personnalisation extr\u00eamement pouss\u00e9es.<\/div>\n<div>Vous serez accompagn\u00e9 par un photographe formateur expert\u00a0<span id=\"m_3475439930880277097:s7.10\">Sony<\/span>\u00a0qui saura vous conseiller efficacement.<\/div>\n<div><\/div>\n<div>\n<div>Cette formation peut \u00eatre d\u00e9clin\u00e9e pour les utilisateurs d&rsquo;autres bo\u00eetiers\u00a0<span id=\"m_3475439930880277097:s7.13\">Sony<\/span><\/div>\n<div>Pour des besoin sp\u00e9cifiques, nous pourrons \u00e9changer afin de proposer la formation la mieux adapt\u00e9e<\/div>\n<div>Nous pouvons vous accompagner pour le choix et l&rsquo;utilisation d&rsquo;accessoires (Enregistreurs, stabilisateurs, lumi\u00e8re LED, \u00e9quipement studio photo &#8230;)<\/div>\n<\/div>\n","protected":false},"excerpt":{"rendered":"<p><span style=\"font-size: 1.5em; font-weight: bold;\">Utilisez votre Sony Alpha de mani\u00e8re fluide et simple pour un plaisir sans contraintes et une efficacit\u00e9 optimale, quels que soient votre exp\u00e9rience et vos projets.<\/span><\/p>\n<p>Votre Formation \u00ab\u00a0prise de vue vid\u00e9o et\/ou photo\u00a0\u00bb \u00e0 Domicile \u00e0 partir de 160.00 \u20ac<\/p>\n","protected":false},"featured_media":2701,"template":"","meta":[],"product_cat":[88,107],"product_tag":[],"aioseo_notices":[],"class_list":{"0":"post-2668","1":"product","2":"type-product","3":"status-publish","4":"has-post-thumbnail","6":"product_cat-prise-de-vue-photo","7":"product_cat-prise-de-vue-video","8":"product_shipping_class-deplacement","10":"first","11":"instock","12":"purchasable","13":"product-type-variable"},"_links":{"self":[{"href":"https:\/\/pa-formation-vip.fr\/index.php?rest_route=\/wp\/v2\/product\/2668","targetHints":{"allow":["GET"]}}],"collection":[{"href":"https:\/\/pa-formation-vip.fr\/index.php?rest_route=\/wp\/v2\/product"}],"about":[{"href":"https:\/\/pa-formation-vip.fr\/index.php?rest_route=\/wp\/v2\/types\/product"}],"version-history":[{"count":5,"href":"https:\/\/pa-formation-vip.fr\/index.php?rest_route=\/wp\/v2\/product\/2668\/revisions"}],"predecessor-version":[{"id":2941,"href":"https:\/\/pa-formation-vip.fr\/index.php?rest_route=\/wp\/v2\/product\/2668\/revisions\/2941"}],"wp:featuredmedia":[{"embeddable":true,"href":"https:\/\/pa-formation-vip.fr\/index.php?rest_route=\/wp\/v2\/media\/2701"}],"wp:attachment":[{"href":"https:\/\/pa-formation-vip.fr\/index.php?rest_route=%2Fwp%2Fv2%2Fmedia&parent=2668"}],"wp:term":[{"taxonomy":"product_cat","embeddable":true,"href":"https:\/\/pa-formation-vip.fr\/index.php?rest_route=%2Fwp%2Fv2%2Fproduct_cat&post=2668"},{"taxonomy":"product_tag","embeddable":true,"href":"https:\/\/pa-formation-vip.fr\/index.php?rest_route=%2Fwp%2Fv2%2Fproduct_tag&post=2668"}],"curies":[{"name":"wp","href":"https:\/\/api.w.org\/{rel}","templated":true}]}}