{"id":8863,"date":"2020-05-12T17:17:01","date_gmt":"2020-05-12T15:17:01","guid":{"rendered":"https:\/\/pa-formation-vip.fr\/?post_type=product&#038;p=8863"},"modified":"2020-05-12T19:29:43","modified_gmt":"2020-05-12T17:29:43","slug":"cours-visioconference","status":"publish","type":"product","link":"https:\/\/pa-formation-vip.fr\/?product=cours-visioconference","title":{"rendered":"Cours VISIOCONF\u00c9RENCE"},"content":{"rendered":"<h3 class=\"align-center\"><span style=\"color: #3366ff;\"><strong>Niveau\u00a01\u00a0: Cr\u00e9er des visioconf\u00e9rences et y participer<\/strong><\/span><\/h3>\n<p class=\"no-margin align-center\">D\u00e9couvrez ces principes de base.<\/p>\n<h4><strong>1.1\u00a0D\u00e9marrer une visioconf\u00e9rence<\/strong><\/h4>\n<div class=\"stepped-list stepped-list-expanded\">\n<p>D\u00e9couvrez les diff\u00e9rentes fa\u00e7ons de d\u00e9marrer une visioconf\u00e9rence.<\/p>\n<h4><strong>1.2 Participer \u00e0 une visioconf\u00e9rence<\/strong><\/h4>\n<p>D\u00e9couvrez les\u00a0diff\u00e9rentes fa\u00e7ons de participer \u00e0 une visioconf\u00e9rence, par exemple \u00e0 partir d&rsquo;une invitation Google\u00a0Agenda, d&rsquo;un lien de r\u00e9union ou d&rsquo;une salle de conf\u00e9rence.<\/p>\n<h4><strong>1.3\u00a0Ajouter des personnes \u00e0 une r\u00e9union<\/strong><\/h4>\n<p>D\u00e9couvrez les diff\u00e9rentes fa\u00e7ons d&rsquo;ajouter des personnes \u00e0 une visioconf\u00e9rence, par exemple \u00e0 partir d&rsquo;une invitation Google Agenda.<\/p>\n<h3><\/h3>\n<h3 class=\"align-center\"><span style=\"color: #3366ff;\"><strong>Niveau\u00a02\u00a0: Collaborer en visioconf\u00e9rence<\/strong><\/span><\/h3>\n<div class=\"no-margin align-center\">Maintenant que vous connaissez les principes de base, d\u00e9couvrez comment collaborer plus efficacement avec votre \u00e9quipe.<\/div>\n<h4><\/h4>\n<h4><strong>2.1\u00a0Personnaliser les visioconf\u00e9rences<\/strong><\/h4>\n<ul>\n<li>Modifier la pr\u00e9sentation des \u00e9crans lors d&rsquo;une r\u00e9union<\/li>\n<li>\u00c9pingler des participants lors d&rsquo;une r\u00e9union, les exclure ou couper le son de leur micro<\/li>\n<li>Utiliser des sous-titres dans une visioconf\u00e9rence<\/li>\n<li>Participer \u00e0 une visioconf\u00e9rence par t\u00e9l\u00e9phone<\/li>\n<\/ul>\n<h4><strong>2.2\u00a0Partager des ressources dans une visioconf\u00e9rence<\/strong><\/h4>\n<ul>\n<li>Afficher les d\u00e9tails et les pi\u00e8ces jointes d&rsquo;une r\u00e9union<\/li>\n<li>Envoyer des messages de chat aux participants d&rsquo;une visioconf\u00e9rence<\/li>\n<li>Animer des pr\u00e9sentations dans le cadre d&rsquo;une visioconf\u00e9rence<\/li>\n<\/ul>\n<h4><strong>2.3\u00a0Diffuser une visioconf\u00e9rence aupr\u00e8s d&rsquo;un grand nombre de personnes<\/strong><\/h4>\n<ul>\n<li>Enregistrer une r\u00e9union<\/li>\n<li>Diffuser une visioconf\u00e9rence en direct<\/li>\n<\/ul>\n<h3 class=\"align-center\"><span style=\"color: #3366ff;\"><strong>Niveau 3 : Conseils pour optimiser votre productivit\u00e9<\/strong><\/span><\/h3>\n<ul>\n<li>Planifier et organiser des r\u00e9unions o\u00f9 que vous soyez<\/li>\n<li>Configurer votre espace de travail distant<\/li>\n<li>Organiser des \u00e9v\u00e9nements \u00e0 distance de grande envergure<\/li>\n<\/ul>\n<\/div>\n","protected":false},"excerpt":{"rendered":"<h1><span style=\"color: #ff0000;\"><strong>20% de remise pour l&rsquo;achat de 3h de cours<\/strong><\/span><\/h1>\n<h1><span style=\"color: #ff0000;\"><strong>avec le CODE PROMO : <span style=\"color: #3366ff;\">ITNUMERIC-VISIO<\/span><\/strong><\/span><\/h1>\n<p>*fin de l&rsquo;offre sp\u00e9ciale au 30 juin 2020 non cumulable avec le Ch\u00e8que Emploi Services Universel<\/p>\n<p>Allez plus loin avec votre logiciel de Visioconf\u00e9rence (<a href=\"https:\/\/zoom.us\/\" target=\"_blank\" rel=\"noopener noreferrer\">ZOOM<\/a>, <a href=\"https:\/\/meet.google.com\" target=\"_blank\" rel=\"noopener noreferrer\">GOOGLE MEET<\/a>, <a href=\"https:\/\/www.webex.com\/fr\/video-conferencing.html\" target=\"_blank\" rel=\"noopener noreferrer\">WEBEX MEETING<\/a>&#8230;)<\/p>\n<p class=\"align-center\">Cr\u00e9er des visioconf\u00e9rences et y participer \/ Collaborer en visioconf\u00e9rence \/ Conseils pour optimiser votre productivit\u00e9<\/p>\n","protected":false},"featured_media":8925,"template":"","meta":[],"product_cat":[86],"product_tag":[],"aioseo_notices":[],"class_list":{"0":"post-8863","1":"product","2":"type-product","3":"status-publish","4":"has-post-thumbnail","6":"product_cat-cours-informatique","7":"product_shipping_class-deplacement","9":"first","10":"instock","11":"purchasable","12":"product-type-variable"},"_links":{"self":[{"href":"https:\/\/pa-formation-vip.fr\/index.php?rest_route=\/wp\/v2\/product\/8863","targetHints":{"allow":["GET"]}}],"collection":[{"href":"https:\/\/pa-formation-vip.fr\/index.php?rest_route=\/wp\/v2\/product"}],"about":[{"href":"https:\/\/pa-formation-vip.fr\/index.php?rest_route=\/wp\/v2\/types\/product"}],"version-history":[{"count":21,"href":"https:\/\/pa-formation-vip.fr\/index.php?rest_route=\/wp\/v2\/product\/8863\/revisions"}],"predecessor-version":[{"id":8930,"href":"https:\/\/pa-formation-vip.fr\/index.php?rest_route=\/wp\/v2\/product\/8863\/revisions\/8930"}],"wp:featuredmedia":[{"embeddable":true,"href":"https:\/\/pa-formation-vip.fr\/index.php?rest_route=\/wp\/v2\/media\/8925"}],"wp:attachment":[{"href":"https:\/\/pa-formation-vip.fr\/index.php?rest_route=%2Fwp%2Fv2%2Fmedia&parent=8863"}],"wp:term":[{"taxonomy":"product_cat","embeddable":true,"href":"https:\/\/pa-formation-vip.fr\/index.php?rest_route=%2Fwp%2Fv2%2Fproduct_cat&post=8863"},{"taxonomy":"product_tag","embeddable":true,"href":"https:\/\/pa-formation-vip.fr\/index.php?rest_route=%2Fwp%2Fv2%2Fproduct_tag&post=8863"}],"curies":[{"name":"wp","href":"https:\/\/api.w.org\/{rel}","templated":true}]}}